{"id":2,"date":"2024-01-17T19:18:23","date_gmt":"2024-01-17T19:18:23","guid":{"rendered":"https:\/\/sandracoelho.com.br\/site\/?page_id=2"},"modified":"2025-05-27T18:55:24","modified_gmt":"2025-05-27T18:55:24","slug":"sample-page","status":"publish","type":"page","link":"https:\/\/sandracoelho.com.br\/site\/","title":{"rendered":"Sandra Coelho"},"content":{"rendered":"\n<div class=\"wp-block-columns is-layout-flex wp-container-core-columns-is-layout-9d6595d7 wp-block-columns-is-layout-flex\">\n<div class=\"wp-block-column is-layout-flow wp-block-column-is-layout-flow\" style=\"flex-basis:50%\">\n<figure class=\"wp-block-image size-full\"><img loading=\"lazy\" decoding=\"async\" width=\"315\" height=\"56\" src=\"https:\/\/sandracoelho.com.br\/site\/wp-content\/uploads\/2024\/01\/SandraCoelhoH.png\" alt=\"Sandra Coelho\" class=\"wp-image-10\" srcset=\"https:\/\/sandracoelho.com.br\/site\/wp-content\/uploads\/2024\/01\/SandraCoelhoH.png 315w, https:\/\/sandracoelho.com.br\/site\/wp-content\/uploads\/2024\/01\/SandraCoelhoH-300x53.png 300w\" sizes=\"auto, (max-width: 315px) 100vw, 315px\" \/><\/figure>\n\n\n\n<p class=\"has-background\" style=\"background:linear-gradient(160deg,rgba(255,255,255,0.32) 0%,rgba(255,255,255,0.85) 100%)\">Psic\u00f3loga de orienta\u00e7\u00e3o anal\u00edtica (Junguiana)<br>CRP 12\/03301<br><br>&#8211; Atendimento cl\u00ednico de adolescentes e adultos<br>&#8211; Supervis\u00e3o cl\u00ednica<br>&#8211; Curso de sonhos<br><br><strong>Forma\u00e7\u00e3o:<\/strong><br>Analista Junguiana em forma\u00e7\u00e3o IJUSC<br>Facilitadora certificada do m\u00e9todo SoulCollage\u00ae (2025)<br>Mestre em Artes C\u00eanicas &#8211; UDESC 2023<br>Esp. em Psicologia Anal\u00edtica PUC\/PR 2007 <br>Esp. \u00a0em Adm. de Pessoas UFPR 2004<br>Gradua\u00e7\u00e3o em Psicologia UNIVALI\/SC 2001<br>Artista do Eranos Circulo de Arte<br>( <a href=\"https:\/\/www.eranos.com.br\">www.eranos.com.br<\/a> )<br><br>Waylla Jardim Sensorial<br>Rua Umbelino Dam\u00e1sio de Brito 58<br>Centro \u2013 Itajai\/SC<br>Fone: <a href=\"https:\/\/api.whatsapp.com\/send?phone=5547999248581\">47 99924.8581<\/a> <a href=\"https:\/\/api.whatsapp.com\/send?phone=5547999248581\"><img loading=\"lazy\" decoding=\"async\" width=\"14\" height=\"14\" src=\"https:\/\/sandracoelho.com.br\/whatsapp-logo-1.png\"><\/a><br>E-mail: sandraliracoelho@gmail.com<br><strong>** Atendimento Presencial e On-line **<\/strong><br><\/p>\n<\/div>\n\n\n\n<div class=\"wp-block-column is-layout-flow wp-block-column-is-layout-flow\" style=\"flex-basis:50%\">\n<figure class=\"wp-block-image size-full is-resized\"><img loading=\"lazy\" decoding=\"async\" width=\"50\" height=\"50\" src=\"https:\/\/sandracoelho.com.br\/site\/wp-content\/uploads\/2024\/04\/espacador.png\" alt=\"\" class=\"wp-image-150\" style=\"width:auto;height:60px\"\/><\/figure>\n<\/div>\n<\/div>\n\n\n\n<hr class=\"wp-block-separator has-alpha-channel-opacity is-style-dots\"\/>\n\n\n\n<p class=\"has-text-align-center has-text-color has-link-color wp-elements-cf0d7c0f8a168719642ef40ff87d9128\" style=\"color:#ffffff00\">&#8230;.<\/p>\n\n\n\n<p class=\"has-text-align-center has-text-color has-link-color wp-elements-2028ba24b0411e9733e04693b84475de\" style=\"color:#ffffff00\">&#8230;<\/p>\n","protected":false},"excerpt":{"rendered":"<p>Psic\u00f3loga de orienta\u00e7\u00e3o anal\u00edtica (Junguiana)CRP 12\/03301 &#8211; Atendimento cl\u00ednico de adolescentes e adultos&#8211; Supervis\u00e3o cl\u00ednica&#8211; Curso de sonhos Forma\u00e7\u00e3o:Analista Junguiana em forma\u00e7\u00e3o IJUSCFacilitadora certificada do m\u00e9todo SoulCollage\u00ae (2025)Mestre em Artes C\u00eanicas &#8211; UDESC 2023Esp. em Psicologia Anal\u00edtica PUC\/PR 2007 Esp. \u00a0em Adm. de Pessoas UFPR 2004Gradua\u00e7\u00e3o em Psicologia UNIVALI\/SC 2001Artista do Eranos Circulo de Arte( [&hellip;]<\/p>\n","protected":false},"author":1,"featured_media":0,"parent":0,"menu_order":0,"comment_status":"closed","ping_status":"open","template":"","meta":{"pagelayer_contact_templates":[],"_pagelayer_content":"","footnotes":""},"class_list":["post-2","page","type-page","status-publish","hentry"],"_links":{"self":[{"href":"https:\/\/sandracoelho.com.br\/site\/wp-json\/wp\/v2\/pages\/2","targetHints":{"allow":["GET"]}}],"collection":[{"href":"https:\/\/sandracoelho.com.br\/site\/wp-json\/wp\/v2\/pages"}],"about":[{"href":"https:\/\/sandracoelho.com.br\/site\/wp-json\/wp\/v2\/types\/page"}],"author":[{"embeddable":true,"href":"https:\/\/sandracoelho.com.br\/site\/wp-json\/wp\/v2\/users\/1"}],"replies":[{"embeddable":true,"href":"https:\/\/sandracoelho.com.br\/site\/wp-json\/wp\/v2\/comments?post=2"}],"version-history":[{"count":62,"href":"https:\/\/sandracoelho.com.br\/site\/wp-json\/wp\/v2\/pages\/2\/revisions"}],"predecessor-version":[{"id":186,"href":"https:\/\/sandracoelho.com.br\/site\/wp-json\/wp\/v2\/pages\/2\/revisions\/186"}],"wp:attachment":[{"href":"https:\/\/sandracoelho.com.br\/site\/wp-json\/wp\/v2\/media?parent=2"}],"curies":[{"name":"wp","href":"https:\/\/api.w.org\/{rel}","templated":true}]}}